{"id":1190,"date":"2019-05-07T10:43:39","date_gmt":"2019-05-07T17:43:39","guid":{"rendered":"http:\/\/aguadehermosillo.gob.mx\/aguah\/?page_id=1190"},"modified":"2023-09-14T11:30:09","modified_gmt":"2023-09-14T18:30:09","slug":"ptar","status":"publish","type":"page","link":"https:\/\/aguadehermosillo.gob.mx\/aguah\/ptar\/","title":{"rendered":"Planta Tratadora de Aguas Residuales de Hermosillo (PTAR)"},"content":{"rendered":"\t\t<div data-elementor-type=\"wp-post\" data-elementor-id=\"1190\" class=\"elementor elementor-1190\">\n\t\t\t\t\t\t<section class=\"elementor-section elementor-top-section elementor-element elementor-element-5804661 elementor-section-boxed elementor-section-height-default elementor-section-height-default\" data-id=\"5804661\" data-element_type=\"section\" data-e-type=\"section\">\n\t\t\t\t\t\t<div class=\"elementor-container elementor-column-gap-default\">\n\t\t\t\t\t<div class=\"elementor-column elementor-col-100 elementor-top-column elementor-element elementor-element-0275382\" data-id=\"0275382\" data-element_type=\"column\" data-e-type=\"column\">\n\t\t\t<div class=\"elementor-widget-wrap elementor-element-populated\">\n\t\t\t\t\t\t<div class=\"elementor-element elementor-element-f1596d5 elementor-widget elementor-widget-image\" data-id=\"f1596d5\" data-element_type=\"widget\" data-e-type=\"widget\" data-widget_type=\"image.default\">\n\t\t\t\t<div class=\"elementor-widget-container\">\n\t\t\t\t\t\t\t\t\t\t\t\t\t\t\t<img fetchpriority=\"high\" decoding=\"async\" width=\"640\" height=\"213\" src=\"https:\/\/aguadehermosillo.gob.mx\/aguah\/wp-content\/uploads\/2019\/06\/ppttaarr-1024x341.jpg\" class=\"attachment-large size-large wp-image-2047\" alt=\"\" srcset=\"https:\/\/aguadehermosillo.gob.mx\/aguah\/wp-content\/uploads\/2019\/06\/ppttaarr-1024x341.jpg 1024w, https:\/\/aguadehermosillo.gob.mx\/aguah\/wp-content\/uploads\/2019\/06\/ppttaarr-300x100.jpg 300w, https:\/\/aguadehermosillo.gob.mx\/aguah\/wp-content\/uploads\/2019\/06\/ppttaarr-768x256.jpg 768w, https:\/\/aguadehermosillo.gob.mx\/aguah\/wp-content\/uploads\/2019\/06\/ppttaarr.jpg 1200w\" sizes=\"(max-width: 640px) 100vw, 640px\" \/>\t\t\t\t\t\t\t\t\t\t\t\t\t\t\t<\/div>\n\t\t\t\t<\/div>\n\t\t\t\t\t<\/div>\n\t\t<\/div>\n\t\t\t\t\t<\/div>\n\t\t<\/section>\n\t\t\t\t<section class=\"elementor-section elementor-top-section elementor-element elementor-element-91906e5 elementor-section-boxed elementor-section-height-default elementor-section-height-default\" data-id=\"91906e5\" data-element_type=\"section\" data-e-type=\"section\">\n\t\t\t\t\t\t<div class=\"elementor-container elementor-column-gap-default\">\n\t\t\t\t\t<div class=\"elementor-column elementor-col-100 elementor-top-column elementor-element elementor-element-da20d12\" data-id=\"da20d12\" data-element_type=\"column\" data-e-type=\"column\">\n\t\t\t<div class=\"elementor-widget-wrap elementor-element-populated\">\n\t\t\t\t\t\t<div class=\"elementor-element elementor-element-9405666 elementor-widget elementor-widget-heading\" data-id=\"9405666\" data-element_type=\"widget\" data-e-type=\"widget\" data-widget_type=\"heading.default\">\n\t\t\t\t<div class=\"elementor-widget-container\">\n\t\t\t\t\t<h2 class=\"elementor-heading-title elementor-size-default\">\u00bfQu\u00e9 es una Planta Tratadora de Agua?<\/h2>\t\t\t\t<\/div>\n\t\t\t\t<\/div>\n\t\t\t\t<div class=\"elementor-element elementor-element-9af85f5 elementor-widget elementor-widget-text-editor\" data-id=\"9af85f5\" data-element_type=\"widget\" data-e-type=\"widget\" data-widget_type=\"text-editor.default\">\n\t\t\t\t<div class=\"elementor-widget-container\">\n\t\t\t\t\t\t\t\t\t<div>Es una instalaci\u00f3n muy importante para el saneamiento y reuso de las aguas negras o residuales de una ciudad, en ella se eliminan contaminantes, basura y residuos que contienen, para darle nuevo uso, sin riesgos para la salud; todo esto, contribuye al cuidado de nuestro medio ambiente y brinda grandes beneficios a los habitantes<\/div><div>\u00a0<\/div><h4><span style=\"color: #ff6000;\">INICIO DE OPERACIONES PTAR HERMOSILLO<\/span><\/h4><p>La Planta Tratadora de Aguas Residuales de Hermosillo (PTAR), inici\u00f3 operaciones en diciembre de 2016, como resultado de la necesidad imperativa en Hermosillo, de sanear nuestra agua residual y obtener las ventajas y beneficios que conlleva.<\/p><h4><span style=\"color: #ff6000;\">UBICACI\u00d3N<\/span><\/h4><p>Se encuentra ubicada al poniente de la ciudad, por el Blvd. Camino del Seri.<\/p><h4><span style=\"color: #ff6000;\">INFRAESTRUCTURA Y TECNOLOG\u00cdA<\/span><\/h4><p>Tiene la infraestructura requerida para tratar el 100% de las aguas residuales que genera la poblaci\u00f3n, as\u00ed como tambi\u00e9n los lodos (subproducto del proceso de tratamiento del agua).<\/p><p>Cuenta con 24 hect\u00e1reas y una capacidad de 2500 litros por segundo, \u00a0distribuidos en 5 m\u00f3dulos de 500 litros por segundo cada uno.<\/p><p>Utiliza tecnolog\u00eda moderna que cumple con las normas ecol\u00f3gicas nacionales y con la capacidad para tratar y recuperar la totalidad del agua residual generada por la capital, hasta dejarla con excelente calidad.<\/p><h4><span style=\"color: #ff6000;\">NORMAS<\/span><\/h4><p>El Agua tratada da cumplimiento a la norma: NOM-003-SEMARNAT-1997, para re\u00fasos p\u00fablicos con contacto directo. El lodo tratado cumple con la norma: NOM-004-SEMARNAT-2002, para su disposici\u00f3n.<\/p><p>La planta cuenta con laboratorio propio, que diariamente analiza, tanto las aguas residuales que llegan, como las ya tratadas, adem\u00e1s de que se env\u00edan a an\u00e1lisis a un laboratorio externo certificado.<\/p><h4><span style=\"color: #ff6000;\">PROCESO DE TRATAMIENTO<\/span><\/h4><ul><li>Tren agua<\/li><li>Tren lodo<\/li><li>Cogeneraci\u00f3n y aprovechamiento de biogas<\/li><\/ul><p><span style=\"text-decoration: underline;\">Pre-tratamiento<\/span>:<\/p><p>Remoci\u00f3n de s\u00f3lidos de diferentes tama\u00f1os.<\/p><p>El sistema consta de una cuchara bivalva y dos tipos de rejillas: gruesas y finas.<\/p><p>Remoci\u00f3n de las arenas que se encuentran en las aguas residuales, con desarenadores tipo vortex.<\/p><p><span style=\"text-decoration: underline;\">Tratamiento Primario<\/span>:<\/p><p>Remoci\u00f3n de la fracci\u00f3n sedimentable del agua residual por medio de rastras que remueven natas y lodos, este lodo es llamado, lodo primario.<\/p><p><span style=\"text-decoration: underline;\">Tratamiento secundario o Biol\u00f3gico<\/span>:<\/p><p>Remoci\u00f3n de materia org\u00e1nica por medio de bacterias y aireaci\u00f3n con burbujas finas.<\/p><p>Remoci\u00f3n de la fracci\u00f3n sedimentables del agua residual por medio de rastras que remueven el lodo y natas, en \u00e9ste proceso, el lodo recibe el nombre de lodo secundario por provenir del proceso biol\u00f3gico o secundario.<\/p><p>Desinfecci\u00f3n:<\/p><p>Desinfecci\u00f3n del agua por medio de rayos ultravioleta, los cuales inactivan a las bacterias presentes en el agua.<\/p><p><u>Tratamiento de lodos:<\/u><\/p><p>Lodos Primarios:<\/p><p>Sedimentaci\u00f3n y espesado de lodos primarios, para llegar a un 6% de concentraci\u00f3n de s\u00f3lidos, a trav\u00e9s de:<\/p><ul><li>Tamices: remoci\u00f3n de basura antes de entrar a espesadores.<\/li><li>Espesadores gravim\u00e9tricos<\/li><\/ul><p>Lodos secundarios:<\/p><p>Mesas espesadoras tipo banda para la concentraci\u00f3n del lodo al 6%, utilizando un pol\u00edmero de poliacrilamida biodegradable.<\/p><p>Homogenizaci\u00f3n de lodos:<\/p><p>Homogenizaci\u00f3n de lodos primarios, bios\u00f3lidos, natas para ser enviados a su digesti\u00f3n.\u00a0<\/p><p>Digesti\u00f3n:<\/p><p>Estabilizaci\u00f3n por medio de digesti\u00f3n anaerobia.<\/p><ul><li>En 2 tanques de 12,500 m3 cada m\u00f3dulo. Como subproducto de esta digesti\u00f3n, se obtiene biog\u00e1s, que es un combustible natural.<\/li><\/ul><p>Desaguado:<\/p><p>Remoci\u00f3n de humedad por medio de centrifugas para su disposici\u00f3n final<\/p><p><u>Cogeneraci\u00f3n y aprovechamiento de biogas:<\/u><\/p><p>Aprovechamiento simultaneo de energ\u00eda en el proceso; con un sistema de cogeneraci\u00f3n de energ\u00eda el\u00e9ctrica, utilizando el biogas, en una operaci\u00f3n sustentable, con lo que se obtiene un 40% del suministro que actualmente tiene la planta.<\/p><ul><li>825 Kilowatts cada moto generador<\/li><\/ul><h4><span style=\"color: #ff6000;\">BENEFICIOS PARA LA CIUDAD Y SUS HABITANTES<\/span><\/h4><p>Contar con una planta tratadora de aguas residuales, ofrece a nuestra ciudad y sus habitantes, un mayor progreso y grandes ventajas.<\/p><p>Al disminuir los riesgos sanitarios, se disminuyen tambi\u00e9n las alergias, enfermedades gastrointestinales, oculares y de origen viral.<\/p><p>La contaminaci\u00f3n del aire en nuestra ciudad, se reduce considerablemente, porque las aguas negras llegan por tuber\u00eda a la planta y no permanecen a cielo abierto, evitando que al secarse las part\u00edculas insalubres, se levanten con el viento.<\/p><p>El agua que regresa al manto acu\u00edfero, llega limpia, ayudando a que sea m\u00e1s r\u00e1pido el proceso de recuperaci\u00f3n, para recargar los deteriorados cuerpos de agua de la regi\u00f3n.<\/p><p>Con agua tratada a nuestro alcance, podemos recuperar espacios verdes, que tanta falta nos hacen para el esparcimiento y salud de nuestras familias; y al contemplar nuestra responsabilidad social y ambiental, en la planeaci\u00f3n estrat\u00e9gica de la ciudad, se propicia un crecimiento ordenado y sustentable.<\/p><p>La disponibilidad de agua tratada a menor costo que el del agua potable, invita al desarrollo industrial, comercial y agropecuario, con proyectos productivos que ofrecen mayor empleo y crecimiento econ\u00f3mico para Hermosillo, por lo que los beneficios son para todos.<\/p><h4><span style=\"color: #ff6000;\">OTRAS PLANTAS DE TRATAMIENTO DE AGUA RESIDUAL TRATADA<\/span><\/h4><p><a href=\"https:\/\/ssl1.agua.gob.mx\/docs\/2023\/ptar\/Opinion_Viabilidad_OF_NO_DG-13_BIS-23.pdf\" target=\"_blank\" rel=\"noopener\"><span style=\"text-decoration: underline;\">Opini\u00f3n de Viabilidad<\/span><\/a>.<\/p>\t\t\t\t\t\t\t\t<\/div>\n\t\t\t\t<\/div>\n\t\t\t\t\t<\/div>\n\t\t<\/div>\n\t\t\t\t\t<\/div>\n\t\t<\/section>\n\t\t\t\t<\/div>\n\t\t","protected":false},"excerpt":{"rendered":"<p>&iquest;Qu&eacute; es una Planta Tratadora de Agua? Es una instalaci&oacute;n muy importante para el saneamiento y reuso de las aguas negras o residuales de una ciudad, en ella se eliminan contaminantes, basura y residuos que contienen, para darle nuevo uso, sin riesgos para la salud; todo esto, contribuye al cuidado de nuestro medio ambiente y brinda grandes beneficios a los habitantes&nbsp; INICIO DE OPERACIONES PTAR HERMOSILLO La Planta Tratadora de Aguas Residuales de Hermosillo (PTAR), inici&oacute; operaciones en diciembre de 2016, como resultado de la necesidad imperativa en Hermosillo, de&hellip;<\/p>\n","protected":false},"author":10,"featured_media":2047,"parent":0,"menu_order":0,"comment_status":"closed","ping_status":"closed","template":"","meta":{"footnotes":""},"coauthors":[48],"class_list":["post-1190","page","type-page","status-publish","has-post-thumbnail","hentry"],"yoast_head":"<!-- This site is optimized with the Yoast SEO plugin v27.5 - https:\/\/yoast.com\/product\/yoast-seo-wordpress\/ -->\n<title>Agua de Hermosillo - Planta Tratadora de Aguas Residuales de Hermosillo (PTAR)<\/title>\n<meta name=\"description\" content=\"Planta Tratadora de Aguas Residuales de Hermosillo\" \/>\n<meta name=\"robots\" content=\"index, follow, max-snippet:-1, max-image-preview:large, max-video-preview:-1\" \/>\n<link rel=\"canonical\" href=\"https:\/\/aguadehermosillo.gob.mx\/aguah\/ptar\/\" \/>\n<meta property=\"og:locale\" content=\"es_MX\" \/>\n<meta property=\"og:type\" content=\"article\" \/>\n<meta property=\"og:title\" content=\"Agua de Hermosillo - Planta Tratadora de Aguas Residuales de Hermosillo (PTAR)\" \/>\n<meta property=\"og:description\" content=\"Planta Tratadora de Aguas Residuales de Hermosillo\" \/>\n<meta property=\"og:url\" content=\"https:\/\/aguadehermosillo.gob.mx\/aguah\/ptar\/\" \/>\n<meta property=\"og:site_name\" content=\"Agua de Hermosillo\" \/>\n<meta property=\"article:publisher\" content=\"https:\/\/facebook.com\/AguahdeHermosillo\" \/>\n<meta property=\"article:modified_time\" content=\"2023-09-14T18:30:09+00:00\" \/>\n<meta property=\"og:image\" content=\"https:\/\/aguadehermosillo.gob.mx\/aguah\/wp-content\/uploads\/2019\/06\/ppttaarr.jpg\" \/>\n\t<meta property=\"og:image:width\" content=\"1200\" \/>\n\t<meta property=\"og:image:height\" content=\"400\" \/>\n\t<meta property=\"og:image:type\" content=\"image\/jpeg\" \/>\n<meta name=\"twitter:card\" content=\"summary_large_image\" \/>\n<meta name=\"twitter:site\" content=\"@aguahermosillo\" \/>\n<meta name=\"twitter:label1\" content=\"Tiempo de lectura\" \/>\n\t<meta name=\"twitter:data1\" content=\"4 minutos\" \/>\n\t<meta name=\"twitter:label2\" content=\"Written by\" \/>\n\t<meta name=\"twitter:data2\" content=\"Agua de Hermosillo\" \/>\n<script type=\"application\/ld+json\" class=\"yoast-schema-graph\">{\"@context\":\"https:\\\/\\\/schema.org\",\"@graph\":[{\"@type\":\"WebPage\",\"@id\":\"https:\\\/\\\/aguadehermosillo.gob.mx\\\/aguah\\\/ptar\\\/\",\"url\":\"https:\\\/\\\/aguadehermosillo.gob.mx\\\/aguah\\\/ptar\\\/\",\"name\":\"Agua de Hermosillo - Planta Tratadora de Aguas Residuales de Hermosillo (PTAR)\",\"isPartOf\":{\"@id\":\"https:\\\/\\\/aguadehermosillo.gob.mx\\\/aguah\\\/#website\"},\"primaryImageOfPage\":{\"@id\":\"https:\\\/\\\/aguadehermosillo.gob.mx\\\/aguah\\\/ptar\\\/#primaryimage\"},\"image\":{\"@id\":\"https:\\\/\\\/aguadehermosillo.gob.mx\\\/aguah\\\/ptar\\\/#primaryimage\"},\"thumbnailUrl\":\"https:\\\/\\\/aguadehermosillo.gob.mx\\\/aguah\\\/wp-content\\\/uploads\\\/2019\\\/06\\\/ppttaarr.jpg\",\"datePublished\":\"2019-05-07T17:43:39+00:00\",\"dateModified\":\"2023-09-14T18:30:09+00:00\",\"description\":\"Planta Tratadora de Aguas Residuales de Hermosillo\",\"breadcrumb\":{\"@id\":\"https:\\\/\\\/aguadehermosillo.gob.mx\\\/aguah\\\/ptar\\\/#breadcrumb\"},\"inLanguage\":\"es\",\"potentialAction\":[{\"@type\":\"ReadAction\",\"target\":[\"https:\\\/\\\/aguadehermosillo.gob.mx\\\/aguah\\\/ptar\\\/\"]}]},{\"@type\":\"ImageObject\",\"inLanguage\":\"es\",\"@id\":\"https:\\\/\\\/aguadehermosillo.gob.mx\\\/aguah\\\/ptar\\\/#primaryimage\",\"url\":\"https:\\\/\\\/aguadehermosillo.gob.mx\\\/aguah\\\/wp-content\\\/uploads\\\/2019\\\/06\\\/ppttaarr.jpg\",\"contentUrl\":\"https:\\\/\\\/aguadehermosillo.gob.mx\\\/aguah\\\/wp-content\\\/uploads\\\/2019\\\/06\\\/ppttaarr.jpg\",\"width\":1200,\"height\":400},{\"@type\":\"BreadcrumbList\",\"@id\":\"https:\\\/\\\/aguadehermosillo.gob.mx\\\/aguah\\\/ptar\\\/#breadcrumb\",\"itemListElement\":[{\"@type\":\"ListItem\",\"position\":1,\"name\":\"Inicio\",\"item\":\"https:\\\/\\\/aguadehermosillo.gob.mx\\\/aguah\\\/\"},{\"@type\":\"ListItem\",\"position\":2,\"name\":\"Planta Tratadora de Aguas Residuales de Hermosillo (PTAR)\"}]},{\"@type\":\"WebSite\",\"@id\":\"https:\\\/\\\/aguadehermosillo.gob.mx\\\/aguah\\\/#website\",\"url\":\"https:\\\/\\\/aguadehermosillo.gob.mx\\\/aguah\\\/\",\"name\":\"Agua de Hermosillo\",\"description\":\"Organismo operador de Agua potable, drenaje, alcantarillado, tratamiento y disposici\u00f3n de aguas residuales del municipio Hermosillo y zonas rurales aleda\u00f1as\",\"publisher\":{\"@id\":\"https:\\\/\\\/aguadehermosillo.gob.mx\\\/aguah\\\/#organization\"},\"potentialAction\":[{\"@type\":\"SearchAction\",\"target\":{\"@type\":\"EntryPoint\",\"urlTemplate\":\"https:\\\/\\\/aguadehermosillo.gob.mx\\\/aguah\\\/?s={search_term_string}\"},\"query-input\":{\"@type\":\"PropertyValueSpecification\",\"valueRequired\":true,\"valueName\":\"search_term_string\"}}],\"inLanguage\":\"es\"},{\"@type\":\"Organization\",\"@id\":\"https:\\\/\\\/aguadehermosillo.gob.mx\\\/aguah\\\/#organization\",\"name\":\"Agua de Hermosillo\",\"url\":\"https:\\\/\\\/aguadehermosillo.gob.mx\\\/aguah\\\/\",\"logo\":{\"@type\":\"ImageObject\",\"inLanguage\":\"es\",\"@id\":\"https:\\\/\\\/aguadehermosillo.gob.mx\\\/aguah\\\/#\\\/schema\\\/logo\\\/image\\\/\",\"url\":\"https:\\\/\\\/aguadehermosillo.gob.mx\\\/aguah\\\/wp-content\\\/uploads\\\/2019\\\/05\\\/AguaH.png\",\"contentUrl\":\"https:\\\/\\\/aguadehermosillo.gob.mx\\\/aguah\\\/wp-content\\\/uploads\\\/2019\\\/05\\\/AguaH.png\",\"width\":1920,\"height\":1080,\"caption\":\"Agua de Hermosillo\"},\"image\":{\"@id\":\"https:\\\/\\\/aguadehermosillo.gob.mx\\\/aguah\\\/#\\\/schema\\\/logo\\\/image\\\/\"},\"sameAs\":[\"https:\\\/\\\/facebook.com\\\/AguahdeHermosillo\",\"https:\\\/\\\/x.com\\\/aguahermosillo\"]}]}<\/script>\n<!-- \/ Yoast SEO plugin. -->","yoast_head_json":{"title":"Agua de Hermosillo - Planta Tratadora de Aguas Residuales de Hermosillo (PTAR)","description":"Planta Tratadora de Aguas Residuales de Hermosillo","robots":{"index":"index","follow":"follow","max-snippet":"max-snippet:-1","max-image-preview":"max-image-preview:large","max-video-preview":"max-video-preview:-1"},"canonical":"https:\/\/aguadehermosillo.gob.mx\/aguah\/ptar\/","og_locale":"es_MX","og_type":"article","og_title":"Agua de Hermosillo - Planta Tratadora de Aguas Residuales de Hermosillo (PTAR)","og_description":"Planta Tratadora de Aguas Residuales de Hermosillo","og_url":"https:\/\/aguadehermosillo.gob.mx\/aguah\/ptar\/","og_site_name":"Agua de Hermosillo","article_publisher":"https:\/\/facebook.com\/AguahdeHermosillo","article_modified_time":"2023-09-14T18:30:09+00:00","og_image":[{"width":1200,"height":400,"url":"https:\/\/aguadehermosillo.gob.mx\/aguah\/wp-content\/uploads\/2019\/06\/ppttaarr.jpg","type":"image\/jpeg"}],"twitter_card":"summary_large_image","twitter_site":"@aguahermosillo","twitter_misc":{"Tiempo de lectura":"4 minutos","Written by":"Agua de Hermosillo"},"schema":{"@context":"https:\/\/schema.org","@graph":[{"@type":"WebPage","@id":"https:\/\/aguadehermosillo.gob.mx\/aguah\/ptar\/","url":"https:\/\/aguadehermosillo.gob.mx\/aguah\/ptar\/","name":"Agua de Hermosillo - Planta Tratadora de Aguas Residuales de Hermosillo (PTAR)","isPartOf":{"@id":"https:\/\/aguadehermosillo.gob.mx\/aguah\/#website"},"primaryImageOfPage":{"@id":"https:\/\/aguadehermosillo.gob.mx\/aguah\/ptar\/#primaryimage"},"image":{"@id":"https:\/\/aguadehermosillo.gob.mx\/aguah\/ptar\/#primaryimage"},"thumbnailUrl":"https:\/\/aguadehermosillo.gob.mx\/aguah\/wp-content\/uploads\/2019\/06\/ppttaarr.jpg","datePublished":"2019-05-07T17:43:39+00:00","dateModified":"2023-09-14T18:30:09+00:00","description":"Planta Tratadora de Aguas Residuales de Hermosillo","breadcrumb":{"@id":"https:\/\/aguadehermosillo.gob.mx\/aguah\/ptar\/#breadcrumb"},"inLanguage":"es","potentialAction":[{"@type":"ReadAction","target":["https:\/\/aguadehermosillo.gob.mx\/aguah\/ptar\/"]}]},{"@type":"ImageObject","inLanguage":"es","@id":"https:\/\/aguadehermosillo.gob.mx\/aguah\/ptar\/#primaryimage","url":"https:\/\/aguadehermosillo.gob.mx\/aguah\/wp-content\/uploads\/2019\/06\/ppttaarr.jpg","contentUrl":"https:\/\/aguadehermosillo.gob.mx\/aguah\/wp-content\/uploads\/2019\/06\/ppttaarr.jpg","width":1200,"height":400},{"@type":"BreadcrumbList","@id":"https:\/\/aguadehermosillo.gob.mx\/aguah\/ptar\/#breadcrumb","itemListElement":[{"@type":"ListItem","position":1,"name":"Inicio","item":"https:\/\/aguadehermosillo.gob.mx\/aguah\/"},{"@type":"ListItem","position":2,"name":"Planta Tratadora de Aguas Residuales de Hermosillo (PTAR)"}]},{"@type":"WebSite","@id":"https:\/\/aguadehermosillo.gob.mx\/aguah\/#website","url":"https:\/\/aguadehermosillo.gob.mx\/aguah\/","name":"Agua de Hermosillo","description":"Organismo operador de Agua potable, drenaje, alcantarillado, tratamiento y disposici\u00f3n de aguas residuales del municipio Hermosillo y zonas rurales aleda\u00f1as","publisher":{"@id":"https:\/\/aguadehermosillo.gob.mx\/aguah\/#organization"},"potentialAction":[{"@type":"SearchAction","target":{"@type":"EntryPoint","urlTemplate":"https:\/\/aguadehermosillo.gob.mx\/aguah\/?s={search_term_string}"},"query-input":{"@type":"PropertyValueSpecification","valueRequired":true,"valueName":"search_term_string"}}],"inLanguage":"es"},{"@type":"Organization","@id":"https:\/\/aguadehermosillo.gob.mx\/aguah\/#organization","name":"Agua de Hermosillo","url":"https:\/\/aguadehermosillo.gob.mx\/aguah\/","logo":{"@type":"ImageObject","inLanguage":"es","@id":"https:\/\/aguadehermosillo.gob.mx\/aguah\/#\/schema\/logo\/image\/","url":"https:\/\/aguadehermosillo.gob.mx\/aguah\/wp-content\/uploads\/2019\/05\/AguaH.png","contentUrl":"https:\/\/aguadehermosillo.gob.mx\/aguah\/wp-content\/uploads\/2019\/05\/AguaH.png","width":1920,"height":1080,"caption":"Agua de Hermosillo"},"image":{"@id":"https:\/\/aguadehermosillo.gob.mx\/aguah\/#\/schema\/logo\/image\/"},"sameAs":["https:\/\/facebook.com\/AguahdeHermosillo","https:\/\/x.com\/aguahermosillo"]}]}},"_links":{"self":[{"href":"https:\/\/aguadehermosillo.gob.mx\/aguah\/wp-json\/wp\/v2\/pages\/1190","targetHints":{"allow":["GET"]}}],"collection":[{"href":"https:\/\/aguadehermosillo.gob.mx\/aguah\/wp-json\/wp\/v2\/pages"}],"about":[{"href":"https:\/\/aguadehermosillo.gob.mx\/aguah\/wp-json\/wp\/v2\/types\/page"}],"author":[{"embeddable":true,"href":"https:\/\/aguadehermosillo.gob.mx\/aguah\/wp-json\/wp\/v2\/users\/10"}],"replies":[{"embeddable":true,"href":"https:\/\/aguadehermosillo.gob.mx\/aguah\/wp-json\/wp\/v2\/comments?post=1190"}],"version-history":[{"count":36,"href":"https:\/\/aguadehermosillo.gob.mx\/aguah\/wp-json\/wp\/v2\/pages\/1190\/revisions"}],"predecessor-version":[{"id":6084,"href":"https:\/\/aguadehermosillo.gob.mx\/aguah\/wp-json\/wp\/v2\/pages\/1190\/revisions\/6084"}],"wp:featuredmedia":[{"embeddable":true,"href":"https:\/\/aguadehermosillo.gob.mx\/aguah\/wp-json\/wp\/v2\/media\/2047"}],"wp:attachment":[{"href":"https:\/\/aguadehermosillo.gob.mx\/aguah\/wp-json\/wp\/v2\/media?parent=1190"}],"wp:term":[{"taxonomy":"author","embeddable":true,"href":"https:\/\/aguadehermosillo.gob.mx\/aguah\/wp-json\/wp\/v2\/coauthors?post=1190"}],"curies":[{"name":"wp","href":"https:\/\/api.w.org\/{rel}","templated":true}]}}