{"id":1399,"date":"2019-05-09T15:27:12","date_gmt":"2019-05-09T22:27:12","guid":{"rendered":"http:\/\/aguadehermosillo.gob.mx\/aguah\/?page_id=1399"},"modified":"2019-12-11T12:40:13","modified_gmt":"2019-12-11T19:40:13","slug":"contacto-cati","status":"publish","type":"page","link":"https:\/\/aguadehermosillo.gob.mx\/aguah\/contacto-cati\/","title":{"rendered":"Contacto CATI"},"content":{"rendered":"\t\t<div data-elementor-type=\"wp-post\" data-elementor-id=\"1399\" class=\"elementor elementor-1399\">\n\t\t\t\t\t\t<section class=\"elementor-section elementor-top-section elementor-element elementor-element-75b4baf elementor-section-boxed elementor-section-height-default elementor-section-height-default\" data-id=\"75b4baf\" data-element_type=\"section\" data-e-type=\"section\">\n\t\t\t\t\t\t<div class=\"elementor-container elementor-column-gap-default\">\n\t\t\t\t\t<div class=\"elementor-column elementor-col-100 elementor-top-column elementor-element elementor-element-0db7d1b\" data-id=\"0db7d1b\" data-element_type=\"column\" data-e-type=\"column\">\n\t\t\t<div class=\"elementor-widget-wrap elementor-element-populated\">\n\t\t\t\t\t\t<div class=\"elementor-element elementor-element-b3e30ae elementor-widget elementor-widget-text-editor\" data-id=\"b3e30ae\" data-element_type=\"widget\" data-e-type=\"widget\" data-widget_type=\"text-editor.default\">\n\t\t\t\t<div class=\"elementor-widget-container\">\n\t\t\t\t\t\t\t\t\t<p>Ud. nos puede contactar directamente mediante WhatsApp dando clic al bot\u00f3n, o tambi\u00e9n, envi\u00e1ndonos un correo electr\u00f3nico llenando el formulario debajo.<\/p>\t\t\t\t\t\t\t\t<\/div>\n\t\t\t\t<\/div>\n\t\t\t\t\t<\/div>\n\t\t<\/div>\n\t\t\t\t\t<\/div>\n\t\t<\/section>\n\t\t\t\t<section class=\"elementor-section elementor-top-section elementor-element elementor-element-5808d13 elementor-section-boxed elementor-section-height-default elementor-section-height-default\" data-id=\"5808d13\" data-element_type=\"section\" data-e-type=\"section\">\n\t\t\t\t\t\t<div class=\"elementor-container elementor-column-gap-default\">\n\t\t\t\t\t<div class=\"elementor-column elementor-col-100 elementor-top-column elementor-element elementor-element-93b1060\" data-id=\"93b1060\" data-element_type=\"column\" data-e-type=\"column\">\n\t\t\t<div class=\"elementor-widget-wrap elementor-element-populated\">\n\t\t\t\t\t\t<div class=\"elementor-element elementor-element-d49ae83 elementor-button-success elementor-align-center elementor-invisible elementor-widget elementor-widget-button\" data-id=\"d49ae83\" data-element_type=\"widget\" data-e-type=\"widget\" data-settings=\"{&quot;_animation&quot;:&quot;pulse&quot;}\" data-widget_type=\"button.default\">\n\t\t\t\t<div class=\"elementor-widget-container\">\n\t\t\t\t\t\t\t\t\t<div class=\"elementor-button-wrapper\">\n\t\t\t\t\t<a class=\"elementor-button elementor-button-link elementor-size-md elementor-animation-bob\" href=\"https:\/\/wa.me\/5216624290000?text=Hola\">\n\t\t\t\t\t\t<span class=\"elementor-button-content-wrapper\">\n\t\t\t\t\t\t<span class=\"elementor-button-icon\">\n\t\t\t\t<i aria-hidden=\"true\" class=\"fab fa-whatsapp\"><\/i>\t\t\t<\/span>\n\t\t\t\t\t\t\t\t\t<span class=\"elementor-button-text\">WhatsApp CATI<\/span>\n\t\t\t\t\t<\/span>\n\t\t\t\t\t<\/a>\n\t\t\t\t<\/div>\n\t\t\t\t\t\t\t\t<\/div>\n\t\t\t\t<\/div>\n\t\t\t\t\t<\/div>\n\t\t<\/div>\n\t\t\t\t\t<\/div>\n\t\t<\/section>\n\t\t\t\t<section class=\"elementor-section elementor-top-section elementor-element elementor-element-17fe39c6 elementor-section-boxed elementor-section-height-default elementor-section-height-default\" data-id=\"17fe39c6\" data-element_type=\"section\" data-e-type=\"section\">\n\t\t\t\t\t\t<div class=\"elementor-container elementor-column-gap-default\">\n\t\t\t\t\t<div class=\"elementor-column elementor-col-100 elementor-top-column elementor-element elementor-element-1fd378d5\" data-id=\"1fd378d5\" data-element_type=\"column\" data-e-type=\"column\">\n\t\t\t<div class=\"elementor-widget-wrap elementor-element-populated\">\n\t\t\t\t\t\t<div class=\"elementor-element elementor-element-77e72e0 animated-fast elementor-invisible elementor-widget elementor-widget-text-editor\" data-id=\"77e72e0\" data-element_type=\"widget\" data-e-type=\"widget\" data-settings=\"{&quot;_animation&quot;:&quot;fadeIn&quot;}\" data-widget_type=\"text-editor.default\">\n\t\t\t\t<div class=\"elementor-widget-container\">\n\t\t\t\t\t\t\t\t\t\n<p>\u00a0<\/p>\n\n<p>\n<div class=\"wpcf7 no-js\" id=\"wpcf7-f1362-o1\" lang=\"es-MX\" dir=\"ltr\" data-wpcf7-id=\"1362\">\n<div class=\"screen-reader-response\"><p role=\"status\" aria-live=\"polite\" aria-atomic=\"true\"><\/p> <ul><\/ul><\/div>\n<form action=\"\/aguah\/wp-json\/wp\/v2\/pages\/1399#wpcf7-f1362-o1\" method=\"post\" class=\"wpcf7-form init\" aria-label=\"Formulario de contacto\" novalidate=\"novalidate\" data-status=\"init\">\n<fieldset class=\"hidden-fields-container\"><input type=\"hidden\" name=\"_wpcf7\" value=\"1362\" \/><input type=\"hidden\" name=\"_wpcf7_version\" value=\"6.1.5\" \/><input type=\"hidden\" name=\"_wpcf7_locale\" value=\"es_MX\" \/><input type=\"hidden\" name=\"_wpcf7_unit_tag\" value=\"wpcf7-f1362-o1\" \/><input type=\"hidden\" name=\"_wpcf7_container_post\" value=\"0\" \/><input type=\"hidden\" name=\"_wpcf7_posted_data_hash\" value=\"\" \/><input type=\"hidden\" name=\"_wpcf7_recaptcha_response\" value=\"\" \/>\n<\/fieldset>\n<p><label>Nombre(s) y apellido(s): <\/label><br \/>\n<label><span class=\"wpcf7-form-control-wrap\" data-name=\"nombre\"><input size=\"40\" maxlength=\"400\" class=\"wpcf7-form-control wpcf7-text wpcf7-validates-as-required\" id=\"nombre\" aria-required=\"true\" aria-invalid=\"false\" placeholder=\"Nombre(s)\" value=\"\" type=\"text\" name=\"nombre\" \/><\/span> <\/label><br \/>\n<label><span class=\"wpcf7-form-control-wrap\" data-name=\"apellido\"><input size=\"40\" maxlength=\"400\" class=\"wpcf7-form-control wpcf7-text wpcf7-validates-as-required\" id=\"apellido\" aria-required=\"true\" aria-invalid=\"false\" placeholder=\"Apellido(s)\" value=\"\" type=\"text\" name=\"apellido\" \/><\/span> <\/label><br \/>\n<label>Datos de contacto: <\/label><br \/>\n<label><span class=\"wpcf7-form-control-wrap\" data-name=\"correo\"><input size=\"40\" maxlength=\"400\" class=\"wpcf7-form-control wpcf7-email wpcf7-validates-as-required wpcf7-text wpcf7-validates-as-email\" id=\"correo\" aria-required=\"true\" aria-invalid=\"false\" placeholder=\"Correo electr\u00f3nico\" value=\"\" type=\"email\" name=\"correo\" \/><\/span> <\/label><br \/>\n<label><span class=\"wpcf7-form-control-wrap\" data-name=\"telefono\"><input size=\"40\" maxlength=\"400\" class=\"wpcf7-form-control wpcf7-tel wpcf7-text wpcf7-validates-as-tel\" id=\"telefono\" aria-invalid=\"false\" placeholder=\"Tel\u00e9fono\" value=\"\" type=\"tel\" name=\"telefono\" \/><\/span> <\/label>\n<\/p>\n<p><label>Motivo:<\/label><br \/>\n<span class=\"wpcf7-form-control-wrap\" data-name=\"motivo\"><span class=\"wpcf7-form-control wpcf7-radio\" id=\"motivo\"><span class=\"wpcf7-list-item first\"><input type=\"radio\" name=\"motivo\" value=\"Asesor\u00eda\" \/><span class=\"wpcf7-list-item-label\">Asesor\u00eda<\/span><\/span><span class=\"wpcf7-list-item\"><input type=\"radio\" name=\"motivo\" value=\"Consulta\" \/><span class=\"wpcf7-list-item-label\">Consulta<\/span><\/span><span class=\"wpcf7-list-item\"><input type=\"radio\" name=\"motivo\" value=\"Reporte\" \/><span class=\"wpcf7-list-item-label\">Reporte<\/span><\/span><span class=\"wpcf7-list-item last\"><input type=\"radio\" name=\"motivo\" value=\"Queja\" \/><span class=\"wpcf7-list-item-label\">Queja<\/span><\/span><\/span><\/span>\n<\/p>\n<p><label> Asunto:<br \/>\n<span class=\"wpcf7-form-control-wrap\" data-name=\"asunto\"><input size=\"40\" maxlength=\"400\" class=\"wpcf7-form-control wpcf7-text wpcf7-validates-as-required\" id=\"asunto\" aria-required=\"true\" aria-invalid=\"false\" value=\"\" type=\"text\" name=\"asunto\" \/><\/span> <\/label>\n<\/p>\n<p><label> Mensaje:<br \/>\n<span class=\"wpcf7-form-control-wrap\" data-name=\"mensaje\"><textarea cols=\"40\" rows=\"10\" maxlength=\"2000\" class=\"wpcf7-form-control wpcf7-textarea wpcf7-validates-as-required\" id=\"mensaje\" aria-required=\"true\" aria-invalid=\"false\" placeholder=\"Escriba su mensaje a enviar\" name=\"mensaje\"><\/textarea><\/span> <\/label>\n<\/p>\n<p><input class=\"wpcf7-form-control wpcf7-submit has-spinner\" type=\"submit\" value=\"Enviar\" \/>\n<\/p><div class=\"wpcf7-response-output\" aria-hidden=\"true\"><\/div>\n<\/form>\n<\/div>\n<\/p>\t\t\t\t\t\t\t\t<\/div>\n\t\t\t\t<\/div>\n\t\t\t\t\t<\/div>\n\t\t<\/div>\n\t\t\t\t\t<\/div>\n\t\t<\/section>\n\t\t\t\t<\/div>\n\t\t","protected":false},"excerpt":{"rendered":"<p>Ud. nos puede contactar directamente mediante WhatsApp dando clic al bot&oacute;n, o tambi&eacute;n, envi&aacute;ndonos un correo electr&oacute;nico llenando el formulario debajo. WhatsApp CATI &nbsp;<\/p>\n","protected":false},"author":10,"featured_media":0,"parent":0,"menu_order":0,"comment_status":"closed","ping_status":"closed","template":"","meta":{"footnotes":""},"coauthors":[],"class_list":["post-1399","page","type-page","status-publish","hentry"],"yoast_head":"<!-- This site is optimized with the Yoast SEO plugin v27.1.1 - https:\/\/yoast.com\/product\/yoast-seo-wordpress\/ -->\n<title>Agua de Hermosillo - Contacto CATI<\/title>\n<meta name=\"description\" content=\"Contacto para Asesor\u00edas, Consultas, Reportes, Soporte T\u00e9cnico y Atenci\u00f3n de los usuarios del Organismo Operador Municipal Agua de Hermosillo\" \/>\n<meta name=\"robots\" content=\"index, follow, max-snippet:-1, max-image-preview:large, max-video-preview:-1\" \/>\n<link rel=\"canonical\" href=\"https:\/\/aguadehermosillo.gob.mx\/aguah\/contacto-cati\/\" \/>\n<meta property=\"og:locale\" content=\"es_MX\" \/>\n<meta property=\"og:type\" content=\"article\" \/>\n<meta property=\"og:title\" content=\"Agua de Hermosillo - Contacto CATI\" \/>\n<meta property=\"og:description\" content=\"Contacto para Asesor\u00edas, Consultas, Reportes, Soporte T\u00e9cnico y Atenci\u00f3n de los usuarios del Organismo Operador Municipal Agua de Hermosillo\" \/>\n<meta property=\"og:url\" content=\"https:\/\/aguadehermosillo.gob.mx\/aguah\/contacto-cati\/\" \/>\n<meta property=\"og:site_name\" content=\"Agua de Hermosillo\" \/>\n<meta property=\"article:publisher\" content=\"https:\/\/facebook.com\/AguahdeHermosillo\" \/>\n<meta property=\"article:modified_time\" content=\"2019-12-11T19:40:13+00:00\" \/>\n<meta name=\"twitter:card\" content=\"summary_large_image\" \/>\n<meta name=\"twitter:site\" content=\"@aguahermosillo\" \/>\n<meta name=\"twitter:label1\" content=\"Written by\" \/>\n\t<meta name=\"twitter:data1\" content=\"Agua de Hermosillo\" \/>\n<script type=\"application\/ld+json\" class=\"yoast-schema-graph\">{\"@context\":\"https:\/\/schema.org\",\"@graph\":[{\"@type\":\"WebPage\",\"@id\":\"https:\/\/aguadehermosillo.gob.mx\/aguah\/contacto-cati\/\",\"url\":\"https:\/\/aguadehermosillo.gob.mx\/aguah\/contacto-cati\/\",\"name\":\"Agua de Hermosillo - Contacto CATI\",\"isPartOf\":{\"@id\":\"https:\/\/aguadehermosillo.gob.mx\/aguah\/#website\"},\"datePublished\":\"2019-05-09T22:27:12+00:00\",\"dateModified\":\"2019-12-11T19:40:13+00:00\",\"description\":\"Contacto para Asesor\u00edas, Consultas, Reportes, Soporte T\u00e9cnico y Atenci\u00f3n de los usuarios del Organismo Operador Municipal Agua de Hermosillo\",\"breadcrumb\":{\"@id\":\"https:\/\/aguadehermosillo.gob.mx\/aguah\/contacto-cati\/#breadcrumb\"},\"inLanguage\":\"es\",\"potentialAction\":[{\"@type\":\"ReadAction\",\"target\":[\"https:\/\/aguadehermosillo.gob.mx\/aguah\/contacto-cati\/\"]}]},{\"@type\":\"BreadcrumbList\",\"@id\":\"https:\/\/aguadehermosillo.gob.mx\/aguah\/contacto-cati\/#breadcrumb\",\"itemListElement\":[{\"@type\":\"ListItem\",\"position\":1,\"name\":\"Inicio\",\"item\":\"https:\/\/aguadehermosillo.gob.mx\/aguah\/\"},{\"@type\":\"ListItem\",\"position\":2,\"name\":\"Contacto CATI\"}]},{\"@type\":\"WebSite\",\"@id\":\"https:\/\/aguadehermosillo.gob.mx\/aguah\/#website\",\"url\":\"https:\/\/aguadehermosillo.gob.mx\/aguah\/\",\"name\":\"Agua de Hermosillo\",\"description\":\"Organismo operador de Agua potable, drenaje, alcantarillado, tratamiento y disposici\u00f3n de aguas residuales del municipio Hermosillo y zonas rurales aleda\u00f1as\",\"publisher\":{\"@id\":\"https:\/\/aguadehermosillo.gob.mx\/aguah\/#organization\"},\"potentialAction\":[{\"@type\":\"SearchAction\",\"target\":{\"@type\":\"EntryPoint\",\"urlTemplate\":\"https:\/\/aguadehermosillo.gob.mx\/aguah\/?s={search_term_string}\"},\"query-input\":{\"@type\":\"PropertyValueSpecification\",\"valueRequired\":true,\"valueName\":\"search_term_string\"}}],\"inLanguage\":\"es\"},{\"@type\":\"Organization\",\"@id\":\"https:\/\/aguadehermosillo.gob.mx\/aguah\/#organization\",\"name\":\"Agua de Hermosillo\",\"url\":\"https:\/\/aguadehermosillo.gob.mx\/aguah\/\",\"logo\":{\"@type\":\"ImageObject\",\"inLanguage\":\"es\",\"@id\":\"https:\/\/aguadehermosillo.gob.mx\/aguah\/#\/schema\/logo\/image\/\",\"url\":\"https:\/\/aguadehermosillo.gob.mx\/aguah\/wp-content\/uploads\/2019\/05\/AguaH.png\",\"contentUrl\":\"https:\/\/aguadehermosillo.gob.mx\/aguah\/wp-content\/uploads\/2019\/05\/AguaH.png\",\"width\":1920,\"height\":1080,\"caption\":\"Agua de Hermosillo\"},\"image\":{\"@id\":\"https:\/\/aguadehermosillo.gob.mx\/aguah\/#\/schema\/logo\/image\/\"},\"sameAs\":[\"https:\/\/facebook.com\/AguahdeHermosillo\",\"https:\/\/x.com\/aguahermosillo\"]}]}<\/script>\n<!-- \/ Yoast SEO plugin. -->","yoast_head_json":{"title":"Agua de Hermosillo - Contacto CATI","description":"Contacto para Asesor\u00edas, Consultas, Reportes, Soporte T\u00e9cnico y Atenci\u00f3n de los usuarios del Organismo Operador Municipal Agua de Hermosillo","robots":{"index":"index","follow":"follow","max-snippet":"max-snippet:-1","max-image-preview":"max-image-preview:large","max-video-preview":"max-video-preview:-1"},"canonical":"https:\/\/aguadehermosillo.gob.mx\/aguah\/contacto-cati\/","og_locale":"es_MX","og_type":"article","og_title":"Agua de Hermosillo - Contacto CATI","og_description":"Contacto para Asesor\u00edas, Consultas, Reportes, Soporte T\u00e9cnico y Atenci\u00f3n de los usuarios del Organismo Operador Municipal Agua de Hermosillo","og_url":"https:\/\/aguadehermosillo.gob.mx\/aguah\/contacto-cati\/","og_site_name":"Agua de Hermosillo","article_publisher":"https:\/\/facebook.com\/AguahdeHermosillo","article_modified_time":"2019-12-11T19:40:13+00:00","twitter_card":"summary_large_image","twitter_site":"@aguahermosillo","twitter_misc":{"Written by":"Agua de Hermosillo"},"schema":{"@context":"https:\/\/schema.org","@graph":[{"@type":"WebPage","@id":"https:\/\/aguadehermosillo.gob.mx\/aguah\/contacto-cati\/","url":"https:\/\/aguadehermosillo.gob.mx\/aguah\/contacto-cati\/","name":"Agua de Hermosillo - Contacto CATI","isPartOf":{"@id":"https:\/\/aguadehermosillo.gob.mx\/aguah\/#website"},"datePublished":"2019-05-09T22:27:12+00:00","dateModified":"2019-12-11T19:40:13+00:00","description":"Contacto para Asesor\u00edas, Consultas, Reportes, Soporte T\u00e9cnico y Atenci\u00f3n de los usuarios del Organismo Operador Municipal Agua de Hermosillo","breadcrumb":{"@id":"https:\/\/aguadehermosillo.gob.mx\/aguah\/contacto-cati\/#breadcrumb"},"inLanguage":"es","potentialAction":[{"@type":"ReadAction","target":["https:\/\/aguadehermosillo.gob.mx\/aguah\/contacto-cati\/"]}]},{"@type":"BreadcrumbList","@id":"https:\/\/aguadehermosillo.gob.mx\/aguah\/contacto-cati\/#breadcrumb","itemListElement":[{"@type":"ListItem","position":1,"name":"Inicio","item":"https:\/\/aguadehermosillo.gob.mx\/aguah\/"},{"@type":"ListItem","position":2,"name":"Contacto CATI"}]},{"@type":"WebSite","@id":"https:\/\/aguadehermosillo.gob.mx\/aguah\/#website","url":"https:\/\/aguadehermosillo.gob.mx\/aguah\/","name":"Agua de Hermosillo","description":"Organismo operador de Agua potable, drenaje, alcantarillado, tratamiento y disposici\u00f3n de aguas residuales del municipio Hermosillo y zonas rurales aleda\u00f1as","publisher":{"@id":"https:\/\/aguadehermosillo.gob.mx\/aguah\/#organization"},"potentialAction":[{"@type":"SearchAction","target":{"@type":"EntryPoint","urlTemplate":"https:\/\/aguadehermosillo.gob.mx\/aguah\/?s={search_term_string}"},"query-input":{"@type":"PropertyValueSpecification","valueRequired":true,"valueName":"search_term_string"}}],"inLanguage":"es"},{"@type":"Organization","@id":"https:\/\/aguadehermosillo.gob.mx\/aguah\/#organization","name":"Agua de Hermosillo","url":"https:\/\/aguadehermosillo.gob.mx\/aguah\/","logo":{"@type":"ImageObject","inLanguage":"es","@id":"https:\/\/aguadehermosillo.gob.mx\/aguah\/#\/schema\/logo\/image\/","url":"https:\/\/aguadehermosillo.gob.mx\/aguah\/wp-content\/uploads\/2019\/05\/AguaH.png","contentUrl":"https:\/\/aguadehermosillo.gob.mx\/aguah\/wp-content\/uploads\/2019\/05\/AguaH.png","width":1920,"height":1080,"caption":"Agua de Hermosillo"},"image":{"@id":"https:\/\/aguadehermosillo.gob.mx\/aguah\/#\/schema\/logo\/image\/"},"sameAs":["https:\/\/facebook.com\/AguahdeHermosillo","https:\/\/x.com\/aguahermosillo"]}]}},"_links":{"self":[{"href":"https:\/\/aguadehermosillo.gob.mx\/aguah\/wp-json\/wp\/v2\/pages\/1399","targetHints":{"allow":["GET"]}}],"collection":[{"href":"https:\/\/aguadehermosillo.gob.mx\/aguah\/wp-json\/wp\/v2\/pages"}],"about":[{"href":"https:\/\/aguadehermosillo.gob.mx\/aguah\/wp-json\/wp\/v2\/types\/page"}],"author":[{"embeddable":true,"href":"https:\/\/aguadehermosillo.gob.mx\/aguah\/wp-json\/wp\/v2\/users\/10"}],"replies":[{"embeddable":true,"href":"https:\/\/aguadehermosillo.gob.mx\/aguah\/wp-json\/wp\/v2\/comments?post=1399"}],"version-history":[{"count":19,"href":"https:\/\/aguadehermosillo.gob.mx\/aguah\/wp-json\/wp\/v2\/pages\/1399\/revisions"}],"predecessor-version":[{"id":3271,"href":"https:\/\/aguadehermosillo.gob.mx\/aguah\/wp-json\/wp\/v2\/pages\/1399\/revisions\/3271"}],"wp:attachment":[{"href":"https:\/\/aguadehermosillo.gob.mx\/aguah\/wp-json\/wp\/v2\/media?parent=1399"}],"wp:term":[{"taxonomy":"author","embeddable":true,"href":"https:\/\/aguadehermosillo.gob.mx\/aguah\/wp-json\/wp\/v2\/coauthors?post=1399"}],"curies":[{"name":"wp","href":"https:\/\/api.w.org\/{rel}","templated":true}]}}