{"id":197,"date":"2019-02-28T10:18:28","date_gmt":"2019-02-28T17:18:28","guid":{"rendered":"http:\/\/localhost\/wordpress\/?page_id=197"},"modified":"2022-01-17T12:23:57","modified_gmt":"2022-01-17T19:23:57","slug":"lecturas","status":"publish","type":"page","link":"https:\/\/aguadehermosillo.gob.mx\/aguah\/lecturas\/","title":{"rendered":"Lecturas"},"content":{"rendered":"\t\t<div data-elementor-type=\"wp-post\" data-elementor-id=\"197\" class=\"elementor elementor-197\">\n\t\t\t\t\t\t<section class=\"elementor-section elementor-top-section elementor-element elementor-element-df57375 elementor-section-boxed elementor-section-height-default elementor-section-height-default\" data-id=\"df57375\" data-element_type=\"section\" data-e-type=\"section\">\n\t\t\t\t\t\t<div class=\"elementor-container elementor-column-gap-default\">\n\t\t\t\t\t<div class=\"elementor-column elementor-col-100 elementor-top-column elementor-element elementor-element-008acf3\" data-id=\"008acf3\" data-element_type=\"column\" data-e-type=\"column\">\n\t\t\t<div class=\"elementor-widget-wrap elementor-element-populated\">\n\t\t\t\t\t\t<div class=\"elementor-element elementor-element-1a0ecd8 elementor-widget elementor-widget-image\" data-id=\"1a0ecd8\" data-element_type=\"widget\" data-e-type=\"widget\" data-widget_type=\"image.default\">\n\t\t\t\t<div class=\"elementor-widget-container\">\n\t\t\t\t\t\t\t\t\t\t\t\t\t\t\t<img fetchpriority=\"high\" decoding=\"async\" width=\"640\" height=\"427\" src=\"https:\/\/aguadehermosillo.gob.mx\/aguah\/wp-content\/uploads\/2022\/01\/calcula-consumo-768x512.jpg\" class=\"attachment-large size-large wp-image-5240\" alt=\"\" srcset=\"https:\/\/aguadehermosillo.gob.mx\/aguah\/wp-content\/uploads\/2022\/01\/calcula-consumo-768x512.jpg 768w, https:\/\/aguadehermosillo.gob.mx\/aguah\/wp-content\/uploads\/2022\/01\/calcula-consumo-768x512-548x365.jpg 548w\" sizes=\"(max-width: 640px) 100vw, 640px\" \/>\t\t\t\t\t\t\t\t\t\t\t\t\t\t\t<\/div>\n\t\t\t\t<\/div>\n\t\t\t\t<div class=\"elementor-element elementor-element-a93732e elementor-widget elementor-widget-text-editor\" data-id=\"a93732e\" data-element_type=\"widget\" data-e-type=\"widget\" data-widget_type=\"text-editor.default\">\n\t\t\t\t<div class=\"elementor-widget-container\">\n\t\t\t\t\t\t\t\t\t<h5>Para mayores informes , visita tu m\u00f3dulo m\u00e1s cercano o comun\u00edcate al #073.<\/h5>\t\t\t\t\t\t\t\t<\/div>\n\t\t\t\t<\/div>\n\t\t\t\t\t<\/div>\n\t\t<\/div>\n\t\t\t\t\t<\/div>\n\t\t<\/section>\n\t\t\t\t<section class=\"elementor-section elementor-top-section elementor-element elementor-element-3d4108e elementor-section-boxed elementor-section-height-default elementor-section-height-default\" data-id=\"3d4108e\" data-element_type=\"section\" data-e-type=\"section\">\n\t\t\t\t\t\t<div class=\"elementor-container elementor-column-gap-default\">\n\t\t\t\t\t<div class=\"elementor-column elementor-col-100 elementor-top-column elementor-element elementor-element-e1534ec\" data-id=\"e1534ec\" data-element_type=\"column\" data-e-type=\"column\">\n\t\t\t<div class=\"elementor-widget-wrap\">\n\t\t\t\t\t\t\t<\/div>\n\t\t<\/div>\n\t\t\t\t\t<\/div>\n\t\t<\/section>\n\t\t\t\t<\/div>\n\t\t","protected":false},"excerpt":{"rendered":"<p>Para mayores informes , visita tu m&oacute;dulo m&aacute;s cercano o comun&iacute;cate al #073.<\/p>\n","protected":false},"author":10,"featured_media":2297,"parent":0,"menu_order":0,"comment_status":"closed","ping_status":"closed","template":"","meta":{"footnotes":""},"coauthors":[48],"class_list":["post-197","page","type-page","status-publish","has-post-thumbnail","hentry"],"yoast_head":"<!-- This site is optimized with the Yoast SEO plugin v27.1.1 - https:\/\/yoast.com\/product\/yoast-seo-wordpress\/ -->\n<title>Agua de Hermosillo - Lecturas<\/title>\n<meta name=\"robots\" content=\"index, follow, max-snippet:-1, max-image-preview:large, max-video-preview:-1\" \/>\n<link rel=\"canonical\" href=\"https:\/\/aguadehermosillo.gob.mx\/aguah\/lecturas\/\" \/>\n<meta property=\"og:locale\" content=\"es_MX\" \/>\n<meta property=\"og:type\" content=\"article\" \/>\n<meta property=\"og:title\" content=\"Agua de Hermosillo - Lecturas\" \/>\n<meta property=\"og:description\" content=\"Para mayores informes , visita tu m&oacute;dulo m&aacute;s cercano o comun&iacute;cate al #073.\" \/>\n<meta property=\"og:url\" content=\"https:\/\/aguadehermosillo.gob.mx\/aguah\/lecturas\/\" \/>\n<meta property=\"og:site_name\" content=\"Agua de Hermosillo\" \/>\n<meta property=\"article:publisher\" content=\"https:\/\/facebook.com\/AguahdeHermosillo\" \/>\n<meta property=\"article:modified_time\" content=\"2022-01-17T19:23:57+00:00\" \/>\n<meta property=\"og:image\" content=\"https:\/\/aguadehermosillo.gob.mx\/aguah\/wp-content\/uploads\/2019\/06\/calcula-consumo.jpg\" \/>\n\t<meta property=\"og:image:width\" content=\"1200\" \/>\n\t<meta property=\"og:image:height\" content=\"800\" \/>\n\t<meta property=\"og:image:type\" content=\"image\/jpeg\" \/>\n<meta name=\"twitter:card\" content=\"summary_large_image\" \/>\n<meta name=\"twitter:site\" content=\"@aguahermosillo\" \/>\n<meta name=\"twitter:label1\" content=\"Written by\" \/>\n\t<meta name=\"twitter:data1\" content=\"Agua de Hermosillo\" \/>\n<script type=\"application\/ld+json\" class=\"yoast-schema-graph\">{\"@context\":\"https:\/\/schema.org\",\"@graph\":[{\"@type\":\"WebPage\",\"@id\":\"https:\/\/aguadehermosillo.gob.mx\/aguah\/lecturas\/\",\"url\":\"https:\/\/aguadehermosillo.gob.mx\/aguah\/lecturas\/\",\"name\":\"Agua de Hermosillo - Lecturas\",\"isPartOf\":{\"@id\":\"https:\/\/aguadehermosillo.gob.mx\/aguah\/#website\"},\"primaryImageOfPage\":{\"@id\":\"https:\/\/aguadehermosillo.gob.mx\/aguah\/lecturas\/#primaryimage\"},\"image\":{\"@id\":\"https:\/\/aguadehermosillo.gob.mx\/aguah\/lecturas\/#primaryimage\"},\"thumbnailUrl\":\"https:\/\/aguadehermosillo.gob.mx\/aguah\/wp-content\/uploads\/2019\/06\/calcula-consumo.jpg\",\"datePublished\":\"2019-02-28T17:18:28+00:00\",\"dateModified\":\"2022-01-17T19:23:57+00:00\",\"breadcrumb\":{\"@id\":\"https:\/\/aguadehermosillo.gob.mx\/aguah\/lecturas\/#breadcrumb\"},\"inLanguage\":\"es\",\"potentialAction\":[{\"@type\":\"ReadAction\",\"target\":[\"https:\/\/aguadehermosillo.gob.mx\/aguah\/lecturas\/\"]}]},{\"@type\":\"ImageObject\",\"inLanguage\":\"es\",\"@id\":\"https:\/\/aguadehermosillo.gob.mx\/aguah\/lecturas\/#primaryimage\",\"url\":\"https:\/\/aguadehermosillo.gob.mx\/aguah\/wp-content\/uploads\/2019\/06\/calcula-consumo.jpg\",\"contentUrl\":\"https:\/\/aguadehermosillo.gob.mx\/aguah\/wp-content\/uploads\/2019\/06\/calcula-consumo.jpg\",\"width\":1200,\"height\":800},{\"@type\":\"BreadcrumbList\",\"@id\":\"https:\/\/aguadehermosillo.gob.mx\/aguah\/lecturas\/#breadcrumb\",\"itemListElement\":[{\"@type\":\"ListItem\",\"position\":1,\"name\":\"Inicio\",\"item\":\"https:\/\/aguadehermosillo.gob.mx\/aguah\/\"},{\"@type\":\"ListItem\",\"position\":2,\"name\":\"Lecturas\"}]},{\"@type\":\"WebSite\",\"@id\":\"https:\/\/aguadehermosillo.gob.mx\/aguah\/#website\",\"url\":\"https:\/\/aguadehermosillo.gob.mx\/aguah\/\",\"name\":\"Agua de Hermosillo\",\"description\":\"Organismo operador de Agua potable, drenaje, alcantarillado, tratamiento y disposici\u00f3n de aguas residuales del municipio Hermosillo y zonas rurales aleda\u00f1as\",\"publisher\":{\"@id\":\"https:\/\/aguadehermosillo.gob.mx\/aguah\/#organization\"},\"potentialAction\":[{\"@type\":\"SearchAction\",\"target\":{\"@type\":\"EntryPoint\",\"urlTemplate\":\"https:\/\/aguadehermosillo.gob.mx\/aguah\/?s={search_term_string}\"},\"query-input\":{\"@type\":\"PropertyValueSpecification\",\"valueRequired\":true,\"valueName\":\"search_term_string\"}}],\"inLanguage\":\"es\"},{\"@type\":\"Organization\",\"@id\":\"https:\/\/aguadehermosillo.gob.mx\/aguah\/#organization\",\"name\":\"Agua de Hermosillo\",\"url\":\"https:\/\/aguadehermosillo.gob.mx\/aguah\/\",\"logo\":{\"@type\":\"ImageObject\",\"inLanguage\":\"es\",\"@id\":\"https:\/\/aguadehermosillo.gob.mx\/aguah\/#\/schema\/logo\/image\/\",\"url\":\"https:\/\/aguadehermosillo.gob.mx\/aguah\/wp-content\/uploads\/2019\/05\/AguaH.png\",\"contentUrl\":\"https:\/\/aguadehermosillo.gob.mx\/aguah\/wp-content\/uploads\/2019\/05\/AguaH.png\",\"width\":1920,\"height\":1080,\"caption\":\"Agua de Hermosillo\"},\"image\":{\"@id\":\"https:\/\/aguadehermosillo.gob.mx\/aguah\/#\/schema\/logo\/image\/\"},\"sameAs\":[\"https:\/\/facebook.com\/AguahdeHermosillo\",\"https:\/\/x.com\/aguahermosillo\"]}]}<\/script>\n<!-- \/ Yoast SEO plugin. -->","yoast_head_json":{"title":"Agua de Hermosillo - Lecturas","robots":{"index":"index","follow":"follow","max-snippet":"max-snippet:-1","max-image-preview":"max-image-preview:large","max-video-preview":"max-video-preview:-1"},"canonical":"https:\/\/aguadehermosillo.gob.mx\/aguah\/lecturas\/","og_locale":"es_MX","og_type":"article","og_title":"Agua de Hermosillo - Lecturas","og_description":"Para mayores informes , visita tu m&oacute;dulo m&aacute;s cercano o comun&iacute;cate al #073.","og_url":"https:\/\/aguadehermosillo.gob.mx\/aguah\/lecturas\/","og_site_name":"Agua de Hermosillo","article_publisher":"https:\/\/facebook.com\/AguahdeHermosillo","article_modified_time":"2022-01-17T19:23:57+00:00","og_image":[{"width":1200,"height":800,"url":"https:\/\/aguadehermosillo.gob.mx\/aguah\/wp-content\/uploads\/2019\/06\/calcula-consumo.jpg","type":"image\/jpeg"}],"twitter_card":"summary_large_image","twitter_site":"@aguahermosillo","twitter_misc":{"Written by":"Agua de Hermosillo"},"schema":{"@context":"https:\/\/schema.org","@graph":[{"@type":"WebPage","@id":"https:\/\/aguadehermosillo.gob.mx\/aguah\/lecturas\/","url":"https:\/\/aguadehermosillo.gob.mx\/aguah\/lecturas\/","name":"Agua de Hermosillo - Lecturas","isPartOf":{"@id":"https:\/\/aguadehermosillo.gob.mx\/aguah\/#website"},"primaryImageOfPage":{"@id":"https:\/\/aguadehermosillo.gob.mx\/aguah\/lecturas\/#primaryimage"},"image":{"@id":"https:\/\/aguadehermosillo.gob.mx\/aguah\/lecturas\/#primaryimage"},"thumbnailUrl":"https:\/\/aguadehermosillo.gob.mx\/aguah\/wp-content\/uploads\/2019\/06\/calcula-consumo.jpg","datePublished":"2019-02-28T17:18:28+00:00","dateModified":"2022-01-17T19:23:57+00:00","breadcrumb":{"@id":"https:\/\/aguadehermosillo.gob.mx\/aguah\/lecturas\/#breadcrumb"},"inLanguage":"es","potentialAction":[{"@type":"ReadAction","target":["https:\/\/aguadehermosillo.gob.mx\/aguah\/lecturas\/"]}]},{"@type":"ImageObject","inLanguage":"es","@id":"https:\/\/aguadehermosillo.gob.mx\/aguah\/lecturas\/#primaryimage","url":"https:\/\/aguadehermosillo.gob.mx\/aguah\/wp-content\/uploads\/2019\/06\/calcula-consumo.jpg","contentUrl":"https:\/\/aguadehermosillo.gob.mx\/aguah\/wp-content\/uploads\/2019\/06\/calcula-consumo.jpg","width":1200,"height":800},{"@type":"BreadcrumbList","@id":"https:\/\/aguadehermosillo.gob.mx\/aguah\/lecturas\/#breadcrumb","itemListElement":[{"@type":"ListItem","position":1,"name":"Inicio","item":"https:\/\/aguadehermosillo.gob.mx\/aguah\/"},{"@type":"ListItem","position":2,"name":"Lecturas"}]},{"@type":"WebSite","@id":"https:\/\/aguadehermosillo.gob.mx\/aguah\/#website","url":"https:\/\/aguadehermosillo.gob.mx\/aguah\/","name":"Agua de Hermosillo","description":"Organismo operador de Agua potable, drenaje, alcantarillado, tratamiento y disposici\u00f3n de aguas residuales del municipio Hermosillo y zonas rurales aleda\u00f1as","publisher":{"@id":"https:\/\/aguadehermosillo.gob.mx\/aguah\/#organization"},"potentialAction":[{"@type":"SearchAction","target":{"@type":"EntryPoint","urlTemplate":"https:\/\/aguadehermosillo.gob.mx\/aguah\/?s={search_term_string}"},"query-input":{"@type":"PropertyValueSpecification","valueRequired":true,"valueName":"search_term_string"}}],"inLanguage":"es"},{"@type":"Organization","@id":"https:\/\/aguadehermosillo.gob.mx\/aguah\/#organization","name":"Agua de Hermosillo","url":"https:\/\/aguadehermosillo.gob.mx\/aguah\/","logo":{"@type":"ImageObject","inLanguage":"es","@id":"https:\/\/aguadehermosillo.gob.mx\/aguah\/#\/schema\/logo\/image\/","url":"https:\/\/aguadehermosillo.gob.mx\/aguah\/wp-content\/uploads\/2019\/05\/AguaH.png","contentUrl":"https:\/\/aguadehermosillo.gob.mx\/aguah\/wp-content\/uploads\/2019\/05\/AguaH.png","width":1920,"height":1080,"caption":"Agua de Hermosillo"},"image":{"@id":"https:\/\/aguadehermosillo.gob.mx\/aguah\/#\/schema\/logo\/image\/"},"sameAs":["https:\/\/facebook.com\/AguahdeHermosillo","https:\/\/x.com\/aguahermosillo"]}]}},"_links":{"self":[{"href":"https:\/\/aguadehermosillo.gob.mx\/aguah\/wp-json\/wp\/v2\/pages\/197","targetHints":{"allow":["GET"]}}],"collection":[{"href":"https:\/\/aguadehermosillo.gob.mx\/aguah\/wp-json\/wp\/v2\/pages"}],"about":[{"href":"https:\/\/aguadehermosillo.gob.mx\/aguah\/wp-json\/wp\/v2\/types\/page"}],"author":[{"embeddable":true,"href":"https:\/\/aguadehermosillo.gob.mx\/aguah\/wp-json\/wp\/v2\/users\/10"}],"replies":[{"embeddable":true,"href":"https:\/\/aguadehermosillo.gob.mx\/aguah\/wp-json\/wp\/v2\/comments?post=197"}],"version-history":[{"count":18,"href":"https:\/\/aguadehermosillo.gob.mx\/aguah\/wp-json\/wp\/v2\/pages\/197\/revisions"}],"predecessor-version":[{"id":5241,"href":"https:\/\/aguadehermosillo.gob.mx\/aguah\/wp-json\/wp\/v2\/pages\/197\/revisions\/5241"}],"wp:featuredmedia":[{"embeddable":true,"href":"https:\/\/aguadehermosillo.gob.mx\/aguah\/wp-json\/wp\/v2\/media\/2297"}],"wp:attachment":[{"href":"https:\/\/aguadehermosillo.gob.mx\/aguah\/wp-json\/wp\/v2\/media?parent=197"}],"wp:term":[{"taxonomy":"author","embeddable":true,"href":"https:\/\/aguadehermosillo.gob.mx\/aguah\/wp-json\/wp\/v2\/coauthors?post=197"}],"curies":[{"name":"wp","href":"https:\/\/api.w.org\/{rel}","templated":true}]}}